{"id":237,"date":"2026-03-27T18:52:20","date_gmt":"2026-03-27T17:52:20","guid":{"rendered":"https:\/\/rugbag.hu\/?page_id=237"},"modified":"2026-04-07T11:56:16","modified_gmt":"2026-04-07T09:56:16","slug":"rolunk","status":"publish","type":"page","link":"https:\/\/rugbag.hu\/en\/rolunk\/","title":{"rendered":"R\u00f3lunk"},"content":{"rendered":"<section class=\"bde-section-237-100 bde-section\">\n  \n  \n\t\n\n\n\n<div class=\"section-container\"><h1 class=\"bde-heading-237-101 bde-heading\">\nR\u00f3lunk\n<\/h1><div class=\"bde-columns-237-102 bde-columns\"><div class=\"bde-column-237-103 bde-column\">\n  \n  \n\t\n\n\n\n<div class=\"bde-rich-text-237-105 bde-rich-text breakdance-rich-text-styles\">\n<p>A <a href=\"https:\/\/rugbag.hu\/en\/uzlet\/\"><strong>RUG BAG<\/strong><\/a> \u00f6tlete a lovard\u00e1k mindennapjaib\u00f3l sz\u00fcletett. Onnan, ahol a l\u00f3takar\u00f3k haszn\u00e1lata term\u00e9szetes r\u00e9sze az \u00e9letnek \u2013 de a t\u00e1rol\u00e1suk sokszor neh\u00e9zkes, rendezetlen vagy \u00e9ppen nem t\u00fal eszt\u00e9tikus megold\u00e1sokkal t\u00f6rt\u00e9nik. Zacsk\u00f3k, ideiglenes t\u00e1rol\u00f3k, \u00f6sszehajtogatott kupacok\u2026 Ismer\u0151s helyzet? Tudjuk, hogy egy-egy szezonv\u00e1lt\u00e1skor a l\u00f3takar\u00f3k ker\u00fclget\u00e9se \u00e9s szort\u00edroz\u00e1sa igazi 'Hogyan \u00e9p\u00edts\u00fcnk hegyet takar\u00f3b\u00f3l?' kih\u00edv\u00e1s. Mi v\u00e9get vet\u00fcnk a nejlonzs\u00e1kok korszak\u00e1nak: egy tart\u00f3s, \u00e1tl\u00e1that\u00f3 \u00e9s st\u00edlusos alternat\u00edv\u00e1t k\u00edn\u00e1lunk, ami v\u00e9gre m\u00e9lt\u00f3 a lovas \u00e9letm\u00f3dhoz.<\/p>\n<\/div>\n<\/div><div class=\"bde-column-237-104 bde-column\">\n  \n  \n\t\n\n\n\n\n<\/div><\/div><div class=\"bde-columns-237-107 bde-columns\"><div class=\"bde-column-237-110 bde-column\">\n  \n  \n\t\n\n\n\n\n<\/div><div class=\"bde-column-237-108 bde-column\">\n  \n  \n\t\n\n\n\n<div class=\"bde-rich-text-237-109 bde-rich-text breakdance-rich-text-styles\">\n<p>\u00cdgy sz\u00fcletett meg a <strong data-path-to-node=\"3\" data-index-in-node=\"20\">RUG BAG<\/strong>: egy kifejezetten l\u00f3takar\u00f3k t\u00e1rol\u00e1s\u00e1ra tervezett t\u00e1ska, amely seg\u00edt rendszerezni, v\u00e9deni \u00e9s k\u00f6nnyen sz\u00e1ll\u00edtani a felszerel\u00e9st, mindezt <strong>egyszer haszn\u00e1latos m\u0171anyag zacsk\u00f3k \u00e9s szakad\u00f3 nejlonzs\u00e1kok n\u00e9lk\u00fcl.<\/strong> Egy tart\u00f3s, \u00e1tl\u00e1that\u00f3 \u00e9s st\u00edlusos alternat\u00edv\u00e1t k\u00edn\u00e1lunk, ami v\u00e9gre m\u00e9lt\u00f3 a lovas \u00e9letm\u00f3dhoz.<\/p>\n<\/div>\n<\/div><\/div><div class=\"bde-columns-237-112 bde-columns\"><div class=\"bde-column-237-113 bde-column\">\n  \n  \n\t\n\n\n\n<div class=\"bde-rich-text-237-114 bde-rich-text breakdance-rich-text-styles\">\n<p>Sz\u00e1munkra fontos volt, hogy a funkcionalit\u00e1s mellett a megjelen\u00e9s is sz\u00e1m\u00edtson. A <a href=\"https:\/\/rugbag.hu\/en\/uzlet\/\"><strong>RUG BAG<\/strong><\/a> nemcsak hasznos, hanem eszt\u00e9tikus kieg\u00e9sz\u00edt\u0151je is lehet a mindennapoknak az ist\u00e1ll\u00f3ban vagy versenyeken. Ez a t\u00e1ska a funkci\u00f3 \u00e9s a fenntarthat\u00f3s\u00e1g tal\u00e1lkoz\u00e1sa, amely h\u00e1rom alappill\u00e9ren nyugszik:<br \/><strong>1. V\u00e9delem \u00e9s rendszerez\u00e9s <\/strong>- a k\u00e1osz v\u00e9ge<br \/><strong>2. Mobilit\u00e1s \u00e9s praktikum<\/strong> - t\u00f6bb, mint egy t\u00e1ska<br \/><strong>3. K\u00f6rnyezettudatos elegancia<\/strong> - b\u00facs\u00fa a m\u0171anyagt\u00f3l<\/p>\n<\/div>\n<\/div><div class=\"bde-column-237-115 bde-column\">\n  \n  \n\t\n\n\n\n\n<\/div><\/div><div class=\"bde-columns-237-116 bde-columns\"><div class=\"bde-column-237-117 bde-column\">\n  \n  \n\t\n\n\n\n\n<\/div><div class=\"bde-column-237-118 bde-column\">\n  \n  \n\t\n\n\n\n<div class=\"bde-rich-text-237-119 bde-rich-text breakdance-rich-text-styles\">\n<p>Ami pedig igaz\u00e1n k\u00fcl\u00f6nlegess\u00e9 teszi: minden t\u00e1ska egyediv\u00e9 tehet\u0151. K\u00e9rhet\u0151 h\u00edmezve, ki-ki a st\u00edlus\u00e1hoz \u00e9s \u00edzl\u00e9s\u00e9hez k\u00f6zelebb \u00e1ll\u00f3 megold\u00e1st v\u00e1laszthatja. Lehet rajta n\u00e9v, log\u00f3 vagy egy saj\u00e1t jelz\u00e9s, ami igaz\u00e1n szem\u00e9lyess\u00e9 teszi. <b data-path-to-node=\"8,0\" data-index-in-node=\"289\">Ez a fajta egyedis\u00e9g nemcsak eleganci\u00e1t sug\u00e1roz, de a gyakorlatban is seg\u00edt: a h\u00edmzett feliratokkal a nyergesben is azonnal, keresg\u00e9l\u00e9s n\u00e9lk\u00fcl felismerhet\u0151v\u00e9 v\u00e1lik a saj\u00e1t felszerel\u00e9sed.<\/b>\u201d<\/p>\n<\/div>\n<\/div><\/div><div class=\"bde-columns-237-120 bde-columns\"><div class=\"bde-column-237-121 bde-column\">\n  \n  \n\t\n\n\n\n<div class=\"bde-rich-text-237-122 bde-rich-text breakdance-rich-text-styles\">\n<p style=\"font-weight: 400;\">A <a href=\"https:\/\/rugbag.hu\/en\/uzlet\/\"><strong>RUG BAG<\/strong><\/a> nem egyszer\u0171en t\u00e1rol, rendszert terem.\u00a0<strong>B\u00facs\u00fa a m\u0171anyagt\u00f3l:<\/strong> Seg\u00edt v\u00e9gleg sz\u00e1m\u0171zni az ist\u00e1ll\u00f3b\u00f3l a szakadt \u00e9s k\u00f6rnyezetszennyez\u0151 m\u0171anyag zs\u00e1kokat, \u00edgy ha kicsit is, de k\u00f6z\u00f6sen tesz\u00fcnk a bolyg\u00f3nk\u00e9rt.<\/p>\n<ul>\n<li>Strapab\u00edr\u00f3 anyaga <strong>meg\u00f3vja a dr\u00e1ga l\u00f3takar\u00f3kat<\/strong> a port\u00f3l, r\u00e1gcs\u00e1l\u00f3kt\u00f3l \u00e9s a nedvess\u00e9gt\u0151l, mik\u00f6zben eszt\u00e9tikus megjelen\u00e9st k\u00f6lcs\u00f6n\u00f6z a nyergesnek.<br \/><br \/><\/li>\n<li>Az egyedi h\u00edmz\u00e9ssel, n\u00e9vvel vagy log\u00f3val ell\u00e1tva sosem keveredik el a felszerel\u00e9s a versenyeken vagy a b\u00e9rtart\u00e1sban.<\/li>\n<\/ul>\n<\/div>\n<\/div><div class=\"bde-column-237-123 bde-column\">\n  \n  \n\t\n\n\n\n\n<\/div><\/div><\/div>\n<\/section>","protected":false},"excerpt":{"rendered":"<p>R\u00f3lunk A RUG BAG \u00f6tlete a lovard\u00e1k mindennapjaib\u00f3l sz\u00fcletett. Onnan, ahol a l\u00f3takar\u00f3k haszn\u00e1lata term\u00e9szetes r\u00e9sze az \u00e9letnek \u2013 de a t\u00e1rol\u00e1suk sokszor neh\u00e9zkes, rendezetlen vagy \u00e9ppen nem t\u00fal eszt\u00e9tikus megold\u00e1sokkal t\u00f6rt\u00e9nik. Zacsk\u00f3k, ideiglenes t\u00e1rol\u00f3k, \u00f6sszehajtogatott kupacok\u2026 Ismer\u0151s helyzet? Tudjuk, hogy egy-egy szezonv\u00e1lt\u00e1skor a l\u00f3takar\u00f3k ker\u00fclget\u00e9se \u00e9s szort\u00edroz\u00e1sa igazi &#8216;Hogyan \u00e9p\u00edts\u00fcnk hegyet takar\u00f3b\u00f3l?&#8217; kih\u00edv\u00e1s. Mi [&hellip;]<\/p>\n","protected":false},"author":1,"featured_media":0,"parent":0,"menu_order":0,"comment_status":"closed","ping_status":"closed","template":"","meta":{"_acf_changed":false,"_breakdance_hide_in_design_set":false,"_breakdance_tags":"","footnotes":""},"class_list":["post-237","page","type-page","status-publish","hentry"],"acf":[],"_links":{"self":[{"href":"https:\/\/rugbag.hu\/en\/wp-json\/wp\/v2\/pages\/237","targetHints":{"allow":["GET"]}}],"collection":[{"href":"https:\/\/rugbag.hu\/en\/wp-json\/wp\/v2\/pages"}],"about":[{"href":"https:\/\/rugbag.hu\/en\/wp-json\/wp\/v2\/types\/page"}],"author":[{"embeddable":true,"href":"https:\/\/rugbag.hu\/en\/wp-json\/wp\/v2\/users\/1"}],"replies":[{"embeddable":true,"href":"https:\/\/rugbag.hu\/en\/wp-json\/wp\/v2\/comments?post=237"}],"version-history":[{"count":3,"href":"https:\/\/rugbag.hu\/en\/wp-json\/wp\/v2\/pages\/237\/revisions"}],"predecessor-version":[{"id":610,"href":"https:\/\/rugbag.hu\/en\/wp-json\/wp\/v2\/pages\/237\/revisions\/610"}],"wp:attachment":[{"href":"https:\/\/rugbag.hu\/en\/wp-json\/wp\/v2\/media?parent=237"}],"curies":[{"name":"wp","href":"https:\/\/api.w.org\/{rel}","templated":true}]}}