{"id":181,"date":"2026-03-27T13:09:48","date_gmt":"2026-03-27T12:09:48","guid":{"rendered":"https:\/\/rugbag.hu\/?page_id=181"},"modified":"2026-03-27T13:09:48","modified_gmt":"2026-03-27T12:09:48","slug":"szerzodestol-valo-elallas","status":"publish","type":"page","link":"https:\/\/rugbag.hu\/en\/szerzodestol-valo-elallas\/","title":{"rendered":"Szerz\u0151d\u00e9st\u0151l val\u00f3 el\u00e1ll\u00e1s"},"content":{"rendered":"\n<p>Ha szeretn\u00e9l el\u00e1llni a v\u00e1s\u00e1rl\u00e1st\u00f3l, k\u00e9rj\u00fck, k\u00f6vesd az al\u00e1bbi l\u00e9p\u00e9seket. A jog szerinti el\u00e1ll\u00e1si hat\u00e1rid\u0151 a term\u00e9k \u00e1tv\u00e9tel\u00e9t\u0151l sz\u00e1m\u00edtott 14 nap.<\/p>\n\n\n\n<p>Pluszban 30 napos ingyenes visszak\u00fcld\u00e9st is biztos\u00edtunk (\u00f6nk\u00e9ntes extra), ha a term\u00e9k \u00fajszer\u0171: csak kipr\u00f3b\u00e1ltad, tiszta \u00e9s szagmentes, s\u00e9r\u00fcl\u00e9smentes, \u00e9s minden tartoz\u00e9k\u00e1val egy\u00fctt k\u00fcld\u00f6d vissza.<\/p>\n\n\n\n<p>A 30 napos ingyenes visszak\u00fcld\u00e9s egy \u00f6nk\u00e9ntes extra lehet\u0151s\u00e9g\u00fcnk, nem korl\u00e1tozza a 14 napos jog szerinti el\u00e1ll\u00e1si jogodat.<\/p>\n\n\n\n<p>&nbsp;<br><strong>Visszak\u00fcld\u00e9si c\u00edm:<\/strong><\/p>\n\n\n\n<p><strong>Gyulai Kinga<br><\/strong>1162 Budapest, Timur utca 74., alagsor<\/p>\n\n\n\n<p><strong>Az el\u00e1ll\u00e1s \u00e9s visszak\u00fcld\u00e9s aske<\/strong><\/p>\n\n\n\n<ol class=\"wp-block-list\">\n<li><strong>Jelezd az el\u00e1ll\u00e1si sz\u00e1nd\u00e9kodat e-mailben az\u00a0<\/strong><a href=\"mailto:info@rugbag.hu\"><strong>info@rugbag.hu<\/strong><\/a><strong>\u00a0c\u00edmre.<\/strong><\/li>\n\n\n\n<li>\u00a0<strong>E-mail t\u00e1rgya (aj\u00e1nlott):\u00a0<\/strong>Rendel\u00e9si sz\u00e1m \u2013 El\u00e1ll\u00e1s<\/li>\n\n\n\n<li><strong>\u00cdrd bele:\u00a0<\/strong>neved, rendel\u00e9si sz\u00e1m, visszak\u00fcld\u00f6tt term\u00e9k(ek), \u00e9s (ha ut\u00e1nv\u00e9ttel fizett\u00e9l) banksz\u00e1mlasz\u00e1m\/IBAN.<\/li>\n\n\n\n<li><em>B\u00e1rmilyen egy\u00e9rtelm\u0171 nyilatkozatot elfogadunk az el\u00e1ll\u00e1sr\u00f3l \u2013 a fenti forma ask seg\u00edts\u00e9g.<br><br><br><\/em><\/li>\n\n\n\n<li><strong>Csomagold be a term\u00e9ket biztons\u00e1gosan.<\/strong><\/li>\n\n\n\n<li><strong>A csomagba tegy\u00e9l egy pap\u00edrt:\u00a0<\/strong>n\u00e9v + rendel\u00e9si sz\u00e1m + e-mail c\u00edm (\u00e9s ut\u00e1nv\u00e9t eset\u00e9n banksz\u00e1mlasz\u00e1m).<\/li>\n\n\n\n<li>A csomag k\u00fclsej\u00e9re is \u00edrd r\u00e1 a rendel\u00e9si sz\u00e1mot (pl. \u201eBRG12345\u201d).<\/li>\n\n\n\n<li><strong>Ut\u00e1nv\u00e9ttel feladott visszak\u00fcld\u00e9st nem tudunk \u00e1tvenni.<br><br><br><\/strong><\/li>\n\n\n\n<li><strong>Add fel a csomagot a fenti visszak\u00fcld\u00e9si c\u00edmre<\/strong><\/li>\n\n\n\n<li><strong>Packeta (aj\u00e1nlott):\u00a0<\/strong>\u00edrd meg e-mailben, hogy Packet\u00e1val k\u00fclden\u00e9d vissza, \u00e9s k\u00fcld\u00fcnk r\u00f6vid instrukci\u00f3t a felad\u00e1shoz.<\/li>\n\n\n\n<li><strong>Saj\u00e1t csomagk\u00fcld\u0151vel (fut\u00e1r\/posta):\u00a0<\/strong>szabadon v\u00e1laszthat\u00f3, a csomagot a fenti c\u00edmre kell c\u00edmezni.<br><br><br><\/li>\n\n\n\n<li><strong>K\u00f6lts\u00e9ge<\/strong><\/li>\n\n\n\n<li>30 napon bel\u00fcl ingyenes visszak\u00fcld\u00e9s (ask \u00fajszer\u0171 term\u00e9kn\u00e9l): k\u00e9r\u00e9sre Packeta visszak\u00fcld\u00e9st biztos\u00edtunk d\u00edjmentesen (az instrukci\u00f3t e-mailben k\u00fcldj\u00fck).<\/li>\n\n\n\n<li>Ha a term\u00e9k haszn\u00e1lt \/ nem \u00fajszer\u0171, vagy a 30 nap letelt: a visszak\u00fcld\u00e9s k\u00f6zvetlen k\u00f6lts\u00e9ge t\u00e9ged terhel.<\/li>\n\n\n\n<li><strong>Ha ilyenkor is a Packeta megold\u00e1sunkat k\u00e9red:\u00a0<\/strong>a visszat\u00e9r\u00edt\u00e9s \u00f6sszeg\u00e9b\u0151l 1 800 Ft-ot levonunk a visszak\u00fcld\u00e9si k\u00f6lts\u00e9g fedez\u00e9s\u00e9re.<\/li>\n<\/ol>\n\n\n\n<p><strong>5.&nbsp;&nbsp;&nbsp;&nbsp;&nbsp;&nbsp;&nbsp;Visszat\u00e9r\u00edt\u00e9s<\/strong><strong><\/strong><\/p>\n\n\n\n<ul class=\"wp-block-list\">\n<li>A csomag be\u00e9rkez\u00e9se \u00e9s ellen\u0151rz\u00e9se ut\u00e1n legk\u00e9s\u0151bb 14 napon bel\u00fcl visszat\u00e9r\u00edtj\u00fck a term\u00e9k(ek) \u00e1r\u00e1t, \u00e9s teljes el\u00e1ll\u00e1s eset\u00e9n az \u00e1ltalad fizetett alap kisz\u00e1ll\u00edt\u00e1s d\u00edj\u00e1t is.<\/li>\n\n\n\n<li>A visszat\u00e9r\u00edt\u00e9st a jogszab\u00e1lyok alapj\u00e1n visszatarthatjuk addig, am\u00edg a visszak\u00fcld\u00f6tt term\u00e9k meg nem \u00e9rkezik, vagy nem igazolod hitelt \u00e9rdeml\u0151en, hogy feladtad.<\/li>\n\n\n\n<li><strong>A visszat\u00e9r\u00edt\u00e9s m\u00f3dja:\u00a0<\/strong>alapesetben az eredeti fizet\u00e9si m\u00f3ddal megegyez\u0151en; ut\u00e1nv\u00e9t eset\u00e9n a megadott banksz\u00e1ml\u00e1ra.<br><br><\/li>\n<\/ul>\n\n\n\n<p><strong>6.&nbsp;&nbsp;&nbsp;&nbsp;&nbsp;&nbsp;&nbsp;Term\u00e9k \u00e1llapota \u00e9s \u00e9rt\u00e9kcs\u00f6kken\u00e9s<\/strong><strong><\/strong><\/p>\n\n\n\n<ul class=\"wp-block-list\">\n<li>A term\u00e9ket kipr\u00f3b\u00e1lhatod \u00e9s megvizsg\u00e1lhatod \u00fagy, ahogy egy boltban is tenn\u00e9d. Ha a sz\u00fcks\u00e9ges m\u00e9rt\u00e9ket meghalad\u00f3an haszn\u00e1lod, az \u00e9rt\u00e9kcs\u00f6kken\u00e9st okozhat.<\/li>\n\n\n\n<li>Ha a term\u00e9k \u00e1llapota romlik (szennyezett, szagos, s\u00e9r\u00fclt, hi\u00e1nyos),\u00a0<strong>\u00e9rt\u00e9kcs\u00f6kken\u00e9st \u00e9rv\u00e9nyes\u00edthet\u00fcnk<\/strong>, \u00e9s ezt levonhatjuk a visszat\u00e9r\u00edt\u00e9sb\u0151l.<\/li>\n<\/ul>\n\n\n\n<p><strong>Mintasz\u00f6veg az el\u00e1ll\u00e1si e-mailhez (m\u00e1sold be nyugodtan)<\/strong><\/p>\n\n\n\n<p>T\u00e1rgy: [Rendel\u00e9si sz\u00e1m] \u2013 El\u00e1ll\u00e1s<br><br>Szia!<br><br>Szeretn\u00e9k el\u00e1llni a [rendel\u00e9si sz\u00e1m] rendel\u00e9semt\u0151l. A visszak\u00fcldend\u0151 term\u00e9k(ek): [term\u00e9k(ek) megnevez\u00e9se].<br><br>N\u00e9v: [teljes n\u00e9v]<br>E-mail: [e-mail c\u00edm]<br>Rendel\u00e9si sz\u00e1m: [rendel\u00e9si sz\u00e1m]<br>\u00c1tv\u00e9tel d\u00e1tuma: [d\u00e1tum]<br>Visszautal\u00e1si banksz\u00e1mlasz\u00e1m\/IBAN: [IBAN]<br><br>K\u00f6sz\u00f6n\u00f6m!<br>[n\u00e9v]<\/p>\n\n\n\n<p><\/p>\n","protected":false},"excerpt":{"rendered":"<p>Ha szeretn\u00e9l el\u00e1llni a v\u00e1s\u00e1rl\u00e1st\u00f3l, k\u00e9rj\u00fck, k\u00f6vesd az al\u00e1bbi l\u00e9p\u00e9seket. A jog szerinti el\u00e1ll\u00e1si hat\u00e1rid\u0151 a term\u00e9k \u00e1tv\u00e9tel\u00e9t\u0151l sz\u00e1m\u00edtott 14 nap. Pluszban 30 napos ingyenes visszak\u00fcld\u00e9st is biztos\u00edtunk (\u00f6nk\u00e9ntes extra), ha a term\u00e9k \u00fajszer\u0171: csak kipr\u00f3b\u00e1ltad, tiszta \u00e9s szagmentes, s\u00e9r\u00fcl\u00e9smentes, \u00e9s minden tartoz\u00e9k\u00e1val egy\u00fctt k\u00fcld\u00f6d vissza. A 30 napos ingyenes visszak\u00fcld\u00e9s egy \u00f6nk\u00e9ntes extra lehet\u0151s\u00e9g\u00fcnk, [&hellip;]<\/p>\n","protected":false},"author":1,"featured_media":0,"parent":0,"menu_order":0,"comment_status":"closed","ping_status":"closed","template":"","meta":{"_acf_changed":false,"_breakdance_hide_in_design_set":false,"_breakdance_tags":"","footnotes":""},"class_list":["post-181","page","type-page","status-publish","hentry"],"acf":[],"_links":{"self":[{"href":"https:\/\/rugbag.hu\/en\/wp-json\/wp\/v2\/pages\/181","targetHints":{"allow":["GET"]}}],"collection":[{"href":"https:\/\/rugbag.hu\/en\/wp-json\/wp\/v2\/pages"}],"about":[{"href":"https:\/\/rugbag.hu\/en\/wp-json\/wp\/v2\/types\/page"}],"author":[{"embeddable":true,"href":"https:\/\/rugbag.hu\/en\/wp-json\/wp\/v2\/users\/1"}],"replies":[{"embeddable":true,"href":"https:\/\/rugbag.hu\/en\/wp-json\/wp\/v2\/comments?post=181"}],"version-history":[{"count":1,"href":"https:\/\/rugbag.hu\/en\/wp-json\/wp\/v2\/pages\/181\/revisions"}],"predecessor-version":[{"id":182,"href":"https:\/\/rugbag.hu\/en\/wp-json\/wp\/v2\/pages\/181\/revisions\/182"}],"wp:attachment":[{"href":"https:\/\/rugbag.hu\/en\/wp-json\/wp\/v2\/media?parent=181"}],"curies":[{"name":"wp","href":"https:\/\/api.w.org\/{rel}","templated":true}]}}