{"id":507,"date":"2026-04-01T18:11:14","date_gmt":"2026-04-01T16:11:14","guid":{"rendered":"https:\/\/rugbag.hu\/?page_id=507"},"modified":"2026-04-09T19:49:46","modified_gmt":"2026-04-09T17:49:46","slug":"blog","status":"publish","type":"page","link":"https:\/\/rugbag.hu\/de\/blog\/","title":{"rendered":"Blog"},"content":{"rendered":"<section class=\"bde-section-507-100 bde-section\">\n  \n  \n\t\n\n\n\n<div class=\"section-container\"><h1 class=\"bde-heading-507-101 bde-heading\">\nBlog\n<\/h1><div class=\"bde-columns-507-102 bde-columns\"><div class=\"bde-column-507-103 bde-column\">\n  \n  \n\t\n\n\n\n<div class=\"bde-post-list-507-104 bde-post-list phox-facets-target phox-facets-target-default\"><div class=\"bde-loop bde-loop-grid ee-posts ee-posts-grid\">    <article class=\"bde-loop-item ee-post\">\n                                <a class=\"bde-loop-item__image-link ee-post-image-link bde-loop-item__image-top ee-posts-image-top\" href=\"https:\/\/rugbag.hu\/de\/rug-bag-a-lotakarok-uj-elete\/\" aria-label=\"RUG BAG \u2013 A l\u00f3takar\u00f3k \u00faj \u00e9lete\">\n                <div class=\"bde-loop-item__image ee-post-image\">\n                    <img loading=\"lazy\" decoding=\"async\" width=\"1408\" height=\"768\" src=\"https:\/\/rugbag.hu\/wp-content\/uploads\/2026\/04\/blog-foto-5-rugbag.webp\" class=\"attachment-full size-full wp-post-image\" alt=\"\" srcset=\"https:\/\/rugbag.hu\/wp-content\/uploads\/2026\/04\/blog-foto-5-rugbag.webp 1408w, https:\/\/rugbag.hu\/wp-content\/uploads\/2026\/04\/blog-foto-5-rugbag-300x164.webp 300w, https:\/\/rugbag.hu\/wp-content\/uploads\/2026\/04\/blog-foto-5-rugbag-1024x559.webp 1024w, https:\/\/rugbag.hu\/wp-content\/uploads\/2026\/04\/blog-foto-5-rugbag-768x419.webp 768w, https:\/\/rugbag.hu\/wp-content\/uploads\/2026\/04\/blog-foto-5-rugbag-18x10.webp 18w, https:\/\/rugbag.hu\/wp-content\/uploads\/2026\/04\/blog-foto-5-rugbag-600x327.webp 600w\" sizes=\"auto, (max-width: 1408px) 100vw, 1408px\" \/>                <\/div>\n            <\/a>\n        \n        \n        <div class=\"bde-loop-item__wrap ee-post-wrap\">\n            \n                            <h3 class=\"ee-post-title\">\n                    <a class=\"bde-loop-item__title-link ee-post-title-link\" href=\"https:\/\/rugbag.hu\/de\/rug-bag-a-lotakarok-uj-elete\/\" >\n                        RUG BAG \u2013 A l\u00f3takar\u00f3k \u00faj \u00e9lete                    <\/a>\n                <\/h3>\n                            <div class=\"bde-loop-item__post-meta ee-post-meta\">\n                    \n                <\/div>\n                            <div class=\"bde-loop-item__content ee-post-content\">\n                    Ez a folyamat\u00e1bra a l\u00f3takar\u00f3k professzion\u00e1lis kezel\u00e9s\u00e9nek \u00e9s t\u00e1rol\u00e1s\u00e1nak k\u00f6rforg\u00e1s\u00e1t mutatja be, a k\u00e1oszb\u00f3l a rendezett, k\u00f6rnyezetbar\u00e1t megold\u00e1sig. \u00cdme a folyamat 5 pontban \u00f6sszefoglalva:                <\/div>\n            \n    \n                        \n                        \n    \n    \n    \n    \n            \n                    \n            \n            \n\n    \n    \n    \n    \n    \n    <a class=\"breakdance-link button-atom button-atom--primary bde-loop-item__button ee-post-button\" href=\"https:\/\/rugbag.hu\/de\/rug-bag-a-lotakarok-uj-elete\/\" target=\"_self\" data-type=\"\"  >\n\n    \n        <span class=\"button-atom__text\">Tov\u00e1bb olvasom<\/span>\n\n        \n        \n                <\/a>\n\n    \n\n\n\n\n            \n        <\/div>\n\n    <\/article>\n\n<\/div><\/div>\n<\/div><div class=\"bde-column-507-105 bde-column\">\n  \n  \n\t\n\n\n\n<div class=\"bde-post-list-507-106 bde-post-list phox-facets-target phox-facets-target-default\"><div class=\"bde-loop bde-loop-grid ee-posts ee-posts-grid\">    <article class=\"bde-loop-item ee-post\">\n                                <a class=\"bde-loop-item__image-link ee-post-image-link bde-loop-item__image-top ee-posts-image-top\" href=\"https:\/\/rugbag.hu\/de\/fenntarthatosag-a-lovardaban-tudatos-vasarlas-kevesebb-muanyag\/\" aria-label=\"Fenntarthat\u00f3s\u00e1g a lovard\u00e1ban: tudatos v\u00e1s\u00e1rl\u00e1s, kevesebb m\u0171anyag\">\n                <div class=\"bde-loop-item__image ee-post-image\">\n                    <img loading=\"lazy\" decoding=\"async\" width=\"1067\" height=\"992\" src=\"https:\/\/rugbag.hu\/wp-content\/uploads\/2026\/04\/blog-foto-4-rugbag.webp\" class=\"attachment-full size-full wp-post-image\" alt=\"\" srcset=\"https:\/\/rugbag.hu\/wp-content\/uploads\/2026\/04\/blog-foto-4-rugbag.webp 1067w, https:\/\/rugbag.hu\/wp-content\/uploads\/2026\/04\/blog-foto-4-rugbag-300x279.webp 300w, https:\/\/rugbag.hu\/wp-content\/uploads\/2026\/04\/blog-foto-4-rugbag-1024x952.webp 1024w, https:\/\/rugbag.hu\/wp-content\/uploads\/2026\/04\/blog-foto-4-rugbag-768x714.webp 768w, https:\/\/rugbag.hu\/wp-content\/uploads\/2026\/04\/blog-foto-4-rugbag-13x12.webp 13w, https:\/\/rugbag.hu\/wp-content\/uploads\/2026\/04\/blog-foto-4-rugbag-600x558.webp 600w\" sizes=\"auto, (max-width: 1067px) 100vw, 1067px\" \/>                <\/div>\n            <\/a>\n        \n        \n        <div class=\"bde-loop-item__wrap ee-post-wrap\">\n            \n                            <h3 class=\"ee-post-title\">\n                    <a class=\"bde-loop-item__title-link ee-post-title-link\" href=\"https:\/\/rugbag.hu\/de\/fenntarthatosag-a-lovardaban-tudatos-vasarlas-kevesebb-muanyag\/\" >\n                        Fenntarthat\u00f3s\u00e1g a lovard\u00e1ban: tudatos v\u00e1s\u00e1rl\u00e1s, kevesebb m\u0171anyag                    <\/a>\n                <\/h3>\n                            <div class=\"bde-loop-item__post-meta ee-post-meta\">\n                    \n                <\/div>\n            \n    \n                        \n                        \n    \n    \n    \n    \n            \n                    \n            \n            \n\n    \n    \n    \n    \n    \n    <a class=\"breakdance-link button-atom button-atom--primary bde-loop-item__button ee-post-button\" href=\"https:\/\/rugbag.hu\/de\/fenntarthatosag-a-lovardaban-tudatos-vasarlas-kevesebb-muanyag\/\" target=\"_self\" data-type=\"\"  >\n\n    \n        <span class=\"button-atom__text\">Tov\u00e1bb olvasom<\/span>\n\n        \n        \n                <\/a>\n\n    \n\n\n\n\n            \n        <\/div>\n\n    <\/article>\n\n    <article class=\"bde-loop-item ee-post\">\n                                <a class=\"bde-loop-item__image-link ee-post-image-link bde-loop-item__image-top ee-posts-image-top\" href=\"https:\/\/rugbag.hu\/de\/tedd-egyedive-a-rug-bag-et-stilus-szemelyesseg-es-funkcionalitas\/\" aria-label=\"Tedd egyediv\u00e9 a RUG BAG-et: st\u00edlus, szem\u00e9lyess\u00e9g \u00e9s funkcionalit\u00e1s\">\n                <div class=\"bde-loop-item__image ee-post-image\">\n                    <img loading=\"lazy\" decoding=\"async\" width=\"1063\" height=\"992\" src=\"https:\/\/rugbag.hu\/wp-content\/uploads\/2026\/04\/blog-foto-3-rugbag.webp\" class=\"attachment-full size-full wp-post-image\" alt=\"\" srcset=\"https:\/\/rugbag.hu\/wp-content\/uploads\/2026\/04\/blog-foto-3-rugbag.webp 1063w, https:\/\/rugbag.hu\/wp-content\/uploads\/2026\/04\/blog-foto-3-rugbag-300x280.webp 300w, https:\/\/rugbag.hu\/wp-content\/uploads\/2026\/04\/blog-foto-3-rugbag-1024x956.webp 1024w, https:\/\/rugbag.hu\/wp-content\/uploads\/2026\/04\/blog-foto-3-rugbag-768x717.webp 768w, https:\/\/rugbag.hu\/wp-content\/uploads\/2026\/04\/blog-foto-3-rugbag-13x12.webp 13w, https:\/\/rugbag.hu\/wp-content\/uploads\/2026\/04\/blog-foto-3-rugbag-600x560.webp 600w\" sizes=\"auto, (max-width: 1063px) 100vw, 1063px\" \/>                <\/div>\n            <\/a>\n        \n        \n        <div class=\"bde-loop-item__wrap ee-post-wrap\">\n            \n                            <h3 class=\"ee-post-title\">\n                    <a class=\"bde-loop-item__title-link ee-post-title-link\" href=\"https:\/\/rugbag.hu\/de\/tedd-egyedive-a-rug-bag-et-stilus-szemelyesseg-es-funkcionalitas\/\" >\n                        Tedd egyediv\u00e9 a RUG BAG-et: st\u00edlus, szem\u00e9lyess\u00e9g \u00e9s funkcionalit\u00e1s                    <\/a>\n                <\/h3>\n                            <div class=\"bde-loop-item__post-meta ee-post-meta\">\n                    \n                <\/div>\n            \n    \n                        \n                        \n    \n    \n    \n    \n            \n                    \n            \n            \n\n    \n    \n    \n    \n    \n    <a class=\"breakdance-link button-atom button-atom--primary bde-loop-item__button ee-post-button\" href=\"https:\/\/rugbag.hu\/de\/tedd-egyedive-a-rug-bag-et-stilus-szemelyesseg-es-funkcionalitas\/\" target=\"_self\" data-type=\"\"  >\n\n    \n        <span class=\"button-atom__text\">Tov\u00e1bb olvasom<\/span>\n\n        \n        \n                <\/a>\n\n    \n\n\n\n\n            \n        <\/div>\n\n    <\/article>\n\n    <article class=\"bde-loop-item ee-post\">\n                                <a class=\"bde-loop-item__image-link ee-post-image-link bde-loop-item__image-top ee-posts-image-top\" href=\"https:\/\/rugbag.hu\/de\/praktikus-tippek-lovasoknak-hosszabb-eletu-lotakarok-es-rendszerezett-istallo\/\" aria-label=\"Praktikus tippek lovasoknak: hosszabb \u00e9let\u0171 l\u00f3takar\u00f3k \u00e9s rendszerezett ist\u00e1ll\u00f3\">\n                <div class=\"bde-loop-item__image ee-post-image\">\n                    <img loading=\"lazy\" decoding=\"async\" width=\"1063\" height=\"992\" src=\"https:\/\/rugbag.hu\/wp-content\/uploads\/2026\/04\/blog-foto-2-rugbag.webp\" class=\"attachment-full size-full wp-post-image\" alt=\"\" srcset=\"https:\/\/rugbag.hu\/wp-content\/uploads\/2026\/04\/blog-foto-2-rugbag.webp 1063w, https:\/\/rugbag.hu\/wp-content\/uploads\/2026\/04\/blog-foto-2-rugbag-300x280.webp 300w, https:\/\/rugbag.hu\/wp-content\/uploads\/2026\/04\/blog-foto-2-rugbag-1024x956.webp 1024w, https:\/\/rugbag.hu\/wp-content\/uploads\/2026\/04\/blog-foto-2-rugbag-768x717.webp 768w, https:\/\/rugbag.hu\/wp-content\/uploads\/2026\/04\/blog-foto-2-rugbag-13x12.webp 13w, https:\/\/rugbag.hu\/wp-content\/uploads\/2026\/04\/blog-foto-2-rugbag-600x560.webp 600w\" sizes=\"auto, (max-width: 1063px) 100vw, 1063px\" \/>                <\/div>\n            <\/a>\n        \n        \n        <div class=\"bde-loop-item__wrap ee-post-wrap\">\n            \n                            <h3 class=\"ee-post-title\">\n                    <a class=\"bde-loop-item__title-link ee-post-title-link\" href=\"https:\/\/rugbag.hu\/de\/praktikus-tippek-lovasoknak-hosszabb-eletu-lotakarok-es-rendszerezett-istallo\/\" >\n                        Praktikus tippek lovasoknak: hosszabb \u00e9let\u0171 l\u00f3takar\u00f3k \u00e9s rendszerezett ist\u00e1ll\u00f3                    <\/a>\n                <\/h3>\n                            <div class=\"bde-loop-item__post-meta ee-post-meta\">\n                    \n                <\/div>\n            \n    \n                        \n                        \n    \n    \n    \n    \n            \n                    \n            \n            \n\n    \n    \n    \n    \n    \n    <a class=\"breakdance-link button-atom button-atom--primary bde-loop-item__button ee-post-button\" href=\"https:\/\/rugbag.hu\/de\/praktikus-tippek-lovasoknak-hosszabb-eletu-lotakarok-es-rendszerezett-istallo\/\" target=\"_self\" data-type=\"\"  >\n\n    \n        <span class=\"button-atom__text\">Tov\u00e1bb olvasom<\/span>\n\n        \n        \n                <\/a>\n\n    \n\n\n\n\n            \n        <\/div>\n\n    <\/article>\n\n    <article class=\"bde-loop-item ee-post\">\n                                <a class=\"bde-loop-item__image-link ee-post-image-link bde-loop-item__image-top ee-posts-image-top\" href=\"https:\/\/rugbag.hu\/de\/kevesebb-zacsko-nagyobb-felelosseg-a-rug-bag-kornyezetbarat-es-gazdasagos-megoldasa\/\" aria-label=\"Kevesebb zacsk\u00f3, nagyobb felel\u0151ss\u00e9g: a RUG BAG k\u00f6rnyezetbar\u00e1t \u00e9s gazdas\u00e1gos megold\u00e1sa\">\n                <div class=\"bde-loop-item__image ee-post-image\">\n                    <img loading=\"lazy\" decoding=\"async\" width=\"1065\" height=\"992\" src=\"https:\/\/rugbag.hu\/wp-content\/uploads\/2026\/04\/blog-foto-1-rugbag.webp\" class=\"attachment-full size-full wp-post-image\" alt=\"\" srcset=\"https:\/\/rugbag.hu\/wp-content\/uploads\/2026\/04\/blog-foto-1-rugbag.webp 1065w, https:\/\/rugbag.hu\/wp-content\/uploads\/2026\/04\/blog-foto-1-rugbag-300x279.webp 300w, https:\/\/rugbag.hu\/wp-content\/uploads\/2026\/04\/blog-foto-1-rugbag-1024x954.webp 1024w, https:\/\/rugbag.hu\/wp-content\/uploads\/2026\/04\/blog-foto-1-rugbag-768x715.webp 768w, https:\/\/rugbag.hu\/wp-content\/uploads\/2026\/04\/blog-foto-1-rugbag-13x12.webp 13w, https:\/\/rugbag.hu\/wp-content\/uploads\/2026\/04\/blog-foto-1-rugbag-600x559.webp 600w\" sizes=\"auto, (max-width: 1065px) 100vw, 1065px\" \/>                <\/div>\n            <\/a>\n        \n        \n        <div class=\"bde-loop-item__wrap ee-post-wrap\">\n            \n                            <h3 class=\"ee-post-title\">\n                    <a class=\"bde-loop-item__title-link ee-post-title-link\" href=\"https:\/\/rugbag.hu\/de\/kevesebb-zacsko-nagyobb-felelosseg-a-rug-bag-kornyezetbarat-es-gazdasagos-megoldasa\/\" >\n                        Kevesebb zacsk\u00f3, nagyobb felel\u0151ss\u00e9g: a RUG BAG k\u00f6rnyezetbar\u00e1t \u00e9s gazdas\u00e1gos megold\u00e1sa                    <\/a>\n                <\/h3>\n                            <div class=\"bde-loop-item__post-meta ee-post-meta\">\n                    \n                <\/div>\n            \n    \n                        \n                        \n    \n    \n    \n    \n            \n                    \n            \n            \n\n    \n    \n    \n    \n    \n    <a class=\"breakdance-link button-atom button-atom--primary bde-loop-item__button ee-post-button\" href=\"https:\/\/rugbag.hu\/de\/kevesebb-zacsko-nagyobb-felelosseg-a-rug-bag-kornyezetbarat-es-gazdasagos-megoldasa\/\" target=\"_self\" data-type=\"\"  >\n\n    \n        <span class=\"button-atom__text\">Tov\u00e1bb olvasom<\/span>\n\n        \n        \n                <\/a>\n\n    \n\n\n\n\n            \n        <\/div>\n\n    <\/article>\n\n<\/div><div class=\"bde-posts-pagination bde-posts-navigation-numbers\"><ul><li class=\"bde-posts-navigation-numbers--active\"><a class=\"is-active\" href='https:\/\/rugbag.hu\/de\/wp-json\/wp\/v2\/pages\/507\/'>1<\/a><\/li><li ><a  href='https:\/\/rugbag.hu\/de\/wp-json\/wp\/v2\/pages\/507\/page\/2\/'>2<\/a><\/li><\/ul><\/div><\/div>\n<\/div><\/div><\/div>\n<\/section>","protected":false},"excerpt":{"rendered":"","protected":false},"author":1,"featured_media":0,"parent":0,"menu_order":0,"comment_status":"closed","ping_status":"closed","template":"","meta":{"_acf_changed":false,"_breakdance_hide_in_design_set":false,"_breakdance_tags":"","footnotes":""},"class_list":["post-507","page","type-page","status-publish","hentry"],"acf":[],"_links":{"self":[{"href":"https:\/\/rugbag.hu\/de\/wp-json\/wp\/v2\/pages\/507","targetHints":{"allow":["GET"]}}],"collection":[{"href":"https:\/\/rugbag.hu\/de\/wp-json\/wp\/v2\/pages"}],"about":[{"href":"https:\/\/rugbag.hu\/de\/wp-json\/wp\/v2\/types\/page"}],"author":[{"embeddable":true,"href":"https:\/\/rugbag.hu\/de\/wp-json\/wp\/v2\/users\/1"}],"replies":[{"embeddable":true,"href":"https:\/\/rugbag.hu\/de\/wp-json\/wp\/v2\/comments?post=507"}],"version-history":[{"count":3,"href":"https:\/\/rugbag.hu\/de\/wp-json\/wp\/v2\/pages\/507\/revisions"}],"predecessor-version":[{"id":745,"href":"https:\/\/rugbag.hu\/de\/wp-json\/wp\/v2\/pages\/507\/revisions\/745"}],"wp:attachment":[{"href":"https:\/\/rugbag.hu\/de\/wp-json\/wp\/v2\/media?parent=507"}],"curies":[{"name":"wp","href":"https:\/\/api.w.org\/{rel}","templated":true}]}}